{"id":864,"date":"2018-04-18T13:45:36","date_gmt":"2018-04-18T12:45:36","guid":{"rendered":"https:\/\/www.pecht.info\/wordpress\/datenschutz\/"},"modified":"2022-05-19T12:33:26","modified_gmt":"2022-05-19T11:33:26","slug":"datenschutz","status":"publish","type":"page","link":"https:\/\/www.pecht.info\/wordpress\/datenschutz\/","title":{"rendered":"Datenschutz"},"content":{"rendered":"\n<h2 class=\"alignfull has-text-align-center has-background-color has-vivid-cyan-blue-background-color has-text-color has-background has-medium-font-size wp-block-heading\" style=\"font-style:normal;font-weight:700;margin-top:5px;margin-right:0px;margin-bottom:10px;margin-left:0px\">Datenschutzerkl\u00e4rung<\/h2>\n\n\n\n<p>Diese Datenschutzerkl\u00e4rung (DSGVO) f\u00fcr Pecht.info beruht auf der <strong>Verordnung (EU) 2016\/679<\/strong> des Europ\u00e4ischen Parlaments und Rates vom 27. April 2016, anzuwenden ab 25. Mai 2018.<br><em>(s.<\/em><em> https:\/\/eur-lex.europa.eu\/eli\/reg\/2016\/679\/oj und https:\/\/de.wikipedia.org\/wiki\/Datenschutz-Grundverordnung<\/em><em>)<\/em><\/p>\n\n\n\n<h2 class=\"has-medium-font-size wp-block-heading\" style=\"font-style:normal;font-weight:700\"><strong>Pers\u00f6nliche Daten<\/strong><\/h2>\n\n\n\n<p>Pecht.info behandelt Ihre personenbezogenen Daten vertraulich und entsprechend den gesetzlichen Datenschutzvorschriften sowie dieser Datenschutzerkl\u00e4rung.<\/p>\n\n\n\n<p><em>Pecht.info<\/em> kann ohne die Angabe pers\u00f6nlicher Daten gelesen und benutzt werden. Diese anonymen Verbindungen werden f\u00fcr eine notwendige interne Protokollierung im Form Ihrer IP-Adresse als Gast gespeichert, um z.B. Werbem\u00fcll-Schleudern abweisen zu k\u00f6nnen.<\/p>\n\n\n\n<h3 class=\"has-medium-font-size wp-block-heading\" style=\"font-style:normal;font-weight:700\"><strong><em>Pecht.info<\/em> ist frei von Werbung<\/strong><\/h3>\n\n\n\n<p>In <em>Pecht.info<\/em> gibt es keine Bereiche, deren Inhalts-Kontrolle nicht uns, sondern Dritten z.B. Werbevermarktern unterliegt und wor\u00fcber eine Datenspeicherung und Nutzer-Protokollierung erfolgen k\u00f6nnte.<\/p>\n\n\n\n<h3 class=\"has-medium-font-size wp-block-heading\" style=\"font-style:normal;font-weight:700\"><strong><em>Pecht.info<\/em> ist frei vo<\/strong><strong>n Diensten und Inhalten Dritter <\/strong><strong>sowie<\/strong> Nutzer-Verfolgern (Trackern)<\/h3>\n\n\n\n<p><em>Pecht.info<\/em> verwendet keine Dienste zur Datenverkehrsanalyse wie Google Analytics oder \u00e4hnliche Dienste.<br><em>Pecht.info<\/em> verwendet keine Dienste f\u00fcr Werbung wie Google AdSense oder \u00e4hnliche Onlinedienste.<br><em>Pecht.info<\/em> hat keine Buttons zu &#8222;sozialen Netzwerken&#8220; (<em>was ist daran sozial?<\/em>) auf seinen Seiten platziert \u2013 auch keine versteckten oder unsichtbaren, die nur der Aussp\u00e4hung der Nutzer dienen.<\/p>\n\n\n\n<p><em>Pecht.info<\/em> verwendet kein PayPal oder sonstige Bezahldienste.<\/p>\n\n\n\n<p><em>Pecht.info<\/em> benutzt ausschlie\u00dflich die in dem verwendeten CMS-System WordPress enthaltenen Mechanismen zur minimalsten Verbindungs-Protokollierung, die der Gefahrenabwehr und damit der Sicherheit von <em>Pecht.info<\/em> dienen. Das betrifft insbesondere unerlaubte Anmeldeversuche, Versuche, Trojaner oder sonstige Schadsoftware in <em>Pecht.info<\/em> zu platzieren, den Aufruf von <em>Pecht.info<\/em> zu verhindern, es zum Absturz zu bringen, Inhalte zu manipulieren oder gar zu l\u00f6schen.<\/p>\n\n\n\n<p><em>Selbst \u00fcberpr\u00fcfen k\u00f6nnen Sie das beispielsweise mit dem kostenlosen AddOn Privacy Badger f\u00fcr <\/em><em>den <\/em><em>Firefox-Browser von der Electronic Frontier Foundation <\/em><em>(EFF)<\/em><em>.<\/em><\/p>\n\n\n\n<p>Die Verbindungs-Protokolle des CMS-Systems werden von <em>Pecht.info<\/em> unregelm\u00e4\u00dfig gel\u00f6scht.<\/p>\n\n\n\n<h3 class=\"has-medium-font-size wp-block-heading\" style=\"font-style:normal;font-weight:700\"><strong>Mailingliste \/ Abo-Rundschreiben<\/strong><\/h3>\n\n\n\n<p>Wenn Sie f\u00fcr pecht.info ein Abo-Rundschreiben per eMail beauftragt oder sich in die Mailingliste eingetragen haben, wird ihre eMail-Adresse ausschlie\u00dflich zum Zweck der Versendung von Hinweisen zu Neuerscheinungen auf pecht.info verwendet. Es werden weder weitere pers\u00f6nliche Daten noch Versende-Verl\u00e4ufe gespeichert. Eine solche eMail-Adresse geben wir nicht ohne ihre Einwilligung an Dritte weiter.<br>Wenn Sie die Zusendung von Abo-Rundschreiben beenden (einfach eMail an redaktion@pecht.info mit dem Betreff: bitte keine Rundschreiben-mails mehr) oder sich aus der Mailingliste austragen, wird ihre eMail-Adresse gel\u00f6scht.<\/p>\n\n\n\n<h3 class=\"has-medium-font-size wp-block-heading\" style=\"font-style:normal;font-weight:700\"><strong>Kontaktformular \/ Empfehlungs-eMails<\/strong><\/h3>\n\n\n\n<p>Wenn Sie Pecht.info per Kontaktformular Anfragen zukommen lassen oder wenn Sie eine Seite von Pecht.info per eMail jemanden empfehlen, werden Ihre Angaben aus dem eMail-Formular inklusive der von Ihnen dort angegebenen Kontaktdaten zwecks Bearbeitung der Anfrage und f\u00fcr den Fall von Anschlussfragen bei Pecht.info gespeichert und turnusm\u00e4\u00dfig gel\u00f6scht. Diese Daten geben wir nicht ohne Ihre Einwilligung weiter.<\/p>\n\n\n\n<h3 class=\"has-medium-font-size wp-block-heading\" style=\"font-style:normal;font-weight:700\"><strong>Cookies<\/strong><\/h3>\n\n\n\n<p><em>Pecht.info<\/em> verwendet &#8211; wie die meisten Internetseiten &#8211; Cookies. Cookies sind kleine Datensnipsel, die Ihr Browser auf Ihrem Rechner speichert und beim n\u00e4chsten Aufruf einer Seite wieder an den <em>Pecht.info-<\/em>Server mitsendet. Dadurch kann der Server bestimmte Funktionen ihres Browser erkennen, wodurch Funktionen wie ein Men\u00fcsystem oder Warenkorb \u00fcberhaupt erst m\u00f6glich gemacht werden.<\/p>\n\n\n\n<p>Cookies k\u00f6nnen nach heutigen Wissen Ihrem Rechner keinen Schaden zuf\u00fcgen oder Viren oder Trojaner enthalten. Durch Funktionen in Ihrem Browser k\u00f6nnen Sie sich diese Cookies ansehen und auch l\u00f6schen.<\/p>\n\n\n\n<p><em>Pecht.info<\/em> verwendet ausschlie\u00dflich Sitzungs-Cookies:<\/p>\n\n\n\n<ul class=\"wp-block-list\"><li> Das Cookie <em>has_js<\/em> \u00fcberpr\u00fcft, ob in Ihrem Browser JavaScript aktiviert ist. JavaScript ist f\u00fcr das Men\u00fcsystem und weitere Funktionalit\u00e4ten bei <em>Pecht.info<\/em> erforderlich und wird nach Beenden Ihrer Browser-Sitzung automatisch gel\u00f6scht. <\/li><\/ul>\n\n\n\n<p><em>Pecht.info<\/em> verwendet keine auf ihrem Endger\u00e4t dauerhaft gespeicherten Cookies, z.B. solche, die Sie bei Ihrem n\u00e4chsten Besuch wiedererkennen.<\/p>\n\n\n\n<h3 class=\"has-medium-font-size wp-block-heading\" style=\"font-style:normal;font-weight:700\"><strong>SSL-Verschl\u00fcsselung<\/strong><\/h3>\n\n\n\n<p><em>Pecht.info<\/em> ist zum Schutz der \u00dcbertragung vor Einsicht und Manipulation durch Dritte ausschlie\u00dflich mit einer SSL-Verbindung zu benutzen.<br>Eine SSL-Verbindung ist an dem Schloss-Symbol sowie an dem vorangestellten <strong>https:\/\/<\/strong> in der Adresszeile Ihres Browsers zu erkennen.<\/p>\n\n\n\n<h3 class=\"has-medium-font-size wp-block-heading\" style=\"font-style:normal;font-weight:700\"><strong>Server-Logfiles<\/strong><\/h3>\n\n\n\n<p><em>Pecht.info<\/em> wird bei einem uns pers\u00f6nlich bekannten Provider gehostet, der keinerlei Abkommen zur Datenweitergabe mit Nachrichtendiensten oder sonstigen staatlichen und privaten Organisationen oder Firmen unterh\u00e4lt.<\/p>\n\n\n\n<p>Der Internet-Server, von dem aus die <em>Pecht.info<\/em> Seiten angeboten werden, protokolliert in Log-Dateien folgende Daten, die Ihr Browser automatisch beim Aufruf der Seite \u00fcbermittelt:<\/p>\n\n\n\n<ul class=\"wp-block-list\"><li> Datum und Uhrzeit Ihres Besuches auf den Seiten von <em>Pecht.info<\/em> <\/li><li> Name und\/oder IP-Adresse Ihres Rechners <\/li><li> das verwendetes Betriebssystem, auf dem Ihr Browser l\u00e4uft <\/li><li> den Typ und die Version des von Ihnen verwendeten Browsers <\/li><li> URL (Uniform Resource Locator) der webSeite, von der Sie aus zu <em>Pecht.info<\/em> gewechselt sind <\/li><\/ul>\n\n\n\n<p>Diese Daten sind anonymisiert und nicht bestimmten Personen zuordnungsbar. Vereinzelt muss der Provider von <em>Pecht.info<\/em> diese Log-Dateien nachtr\u00e4glich pr\u00fcfen, um z.B. eine rechtswidrige Nutzung von <em>Pecht.info <\/em>zu verhindern oder dies f\u00fcr das Funktionieren von <em>Pecht.info <\/em>notwendig ist.<\/p>\n\n\n\n<p><em>Pecht.info<\/em> wird niemals die Log-Daten des Providers mit anderen Daten zusammenf\u00fchren.<\/p>\n\n\n\n<h3 class=\"has-medium-font-size wp-block-heading\" style=\"font-style:normal;font-weight:700\"><strong>Recht auf Auskunft, Berichtigung und L\u00f6schung<\/strong><\/h3>\n\n\n\n<p>Sie k\u00f6nnen jederzeit eine unentgeltliche Auskunft \u00fcber Ihre bei <em>Pecht.info<\/em> gespeicherten Daten sowie deren Herkunft und den Zweck ihrer Verarbeitung erhalten.<\/p>\n\n\n\n<p>Sie k\u00f6nnen diese Auskunft per Fax, Telefon, brieflich oder per eMail anfordern. Die Daten gehen Ihnen dann per Post zu. <em>(Vergessen Sie bitte nicht Ihre Postadresse anzugeben!)<\/em> Telefonische Ausk\u00fcnfte sind aus datenschutzrechtlichen Gr\u00fcnden nicht m\u00f6glich.<\/p>\n\n\n\n<p>Sie haben jederzeit das Recht auf Berichtigung oder L\u00f6schung Ihrer pers\u00f6nlichen Daten.<\/p>\n\n\n\n<p><em>Die Kontaktdaten k\u00f6nnen Sie dem Impressum zu diesen Internetseiten entnehmen.<\/em><\/p>\n\n\n\n<h3 class=\"has-medium-font-size wp-block-heading\" style=\"font-style:normal;font-weight:700\"><strong>Abschlusserkl\u00e4rung<\/strong><\/h3>\n\n\n\n<p>Wir weisen darauf, hin dass die Datenspeicherung und -\u00fcbertragung im Internet Sicherheitsl\u00fccken aufweisen kann, die wir uns bem\u00fchen, so schnell wie m\u00f6glich zu schlie\u00dfen. Trotzdem kann ein l\u00fcckenloser Schutz der Daten vor dem Zugriff durch Dritte nicht garantiert werden.<\/p>\n","protected":false},"excerpt":{"rendered":"<p>Datenschutzerkl\u00e4rung Diese Datenschutzerkl\u00e4rung (DSGVO) f\u00fcr Pecht.info beruht auf der Verordnung (EU) 2016\/679 des Europ\u00e4ischen Parlaments und Rates vom 27. April 2016, anzuwenden ab 25. Mai 2018.(s. https:\/\/eur-lex.europa.eu\/eli\/reg\/2016\/679\/oj und https:\/\/de.wikipedia.org\/wiki\/Datenschutz-Grundverordnung) Pers\u00f6nliche Daten Pecht.info behandelt Ihre personenbezogenen Daten vertraulich und entsprechend den gesetzlichen Datenschutzvorschriften sowie dieser Datenschutzerkl\u00e4rung. Pecht.info kann ohne die Angabe pers\u00f6nlicher Daten gelesen und benutzt [&hellip;]<\/p>\n","protected":false},"author":5,"featured_media":0,"parent":0,"menu_order":0,"comment_status":"closed","ping_status":"closed","template":"","meta":{"_acf_changed":false,"footnotes":""},"archiv_inhaltlich":[],"class_list":["post-864","page","type-page","status-publish","hentry"],"acf":{"bild":"","anhang":""},"wps_subtitle":"","_links":{"self":[{"href":"https:\/\/www.pecht.info\/wordpress\/wp-json\/wp\/v2\/pages\/864","targetHints":{"allow":["GET"]}}],"collection":[{"href":"https:\/\/www.pecht.info\/wordpress\/wp-json\/wp\/v2\/pages"}],"about":[{"href":"https:\/\/www.pecht.info\/wordpress\/wp-json\/wp\/v2\/types\/page"}],"author":[{"embeddable":true,"href":"https:\/\/www.pecht.info\/wordpress\/wp-json\/wp\/v2\/users\/5"}],"replies":[{"embeddable":true,"href":"https:\/\/www.pecht.info\/wordpress\/wp-json\/wp\/v2\/comments?post=864"}],"version-history":[{"count":3,"href":"https:\/\/www.pecht.info\/wordpress\/wp-json\/wp\/v2\/pages\/864\/revisions"}],"predecessor-version":[{"id":2968,"href":"https:\/\/www.pecht.info\/wordpress\/wp-json\/wp\/v2\/pages\/864\/revisions\/2968"}],"wp:attachment":[{"href":"https:\/\/www.pecht.info\/wordpress\/wp-json\/wp\/v2\/media?parent=864"}],"wp:term":[{"taxonomy":"archiv_inhaltlich","embeddable":true,"href":"https:\/\/www.pecht.info\/wordpress\/wp-json\/wp\/v2\/archiv_inhaltlich?post=864"}],"curies":[{"name":"wp","href":"https:\/\/api.w.org\/{rel}","templated":true}]}}